{"id":3,"date":"2010-02-25T00:00:31","date_gmt":"2010-02-24T23:00:31","guid":{"rendered":"http:\/\/merlinerie.com\/wp-sourde\/wordpress\/?page_id=3"},"modified":"2017-09-17T15:01:08","modified_gmt":"2017-09-17T14:01:08","slug":"introduction","status":"publish","type":"page","link":"https:\/\/sourdeencentresdappels.merlinerie.com\/","title":{"rendered":"Accueil"},"content":{"rendered":"<h2>Plaidoyer pour une Distanciation Int\u00e9grante envers les personnes en situation de handicap<\/h2>\n<p style=\"text-align: left;\"><img loading=\"lazy\" decoding=\"async\" width=\"189\" height=\"300\" class=\"alignleft size-medium wp-image-118\" title=\"book\" src=\"http:\/\/merlinerie.com\/wp-sourde\/wp-content\/uploads\/book-189x300.jpg\" alt=\"\" srcset=\"https:\/\/sourdeencentresdappels.merlinerie.com\/wp-content\/uploads\/book-189x300.jpg 189w, https:\/\/sourdeencentresdappels.merlinerie.com\/wp-content\/uploads\/book.jpg 450w\" sizes=\"auto, (max-width: 189px) 100vw, 189px\" \/><br \/>\nCet ouvrage n\u2019est pas un r\u00e9quisitoire de plus contre France T\u00e9l\u00e9com, mais le r\u00e9cit d\u2019un combat de vie d\u2019une salari\u00e9e qui tente de retrouver sa place au sein du groupe.<br \/>\nLa transformation de l\u2019entreprise va mener cette assistante de direction d\u00e9ficiente auditive \u00e0 devenir conseill\u00e8re client\u00e8le par t\u00e9l\u00e9phone sur deux centres d\u2019appels successifs, aggravant ainsi sa surdit\u00e9 et entra\u00eenant des acouph\u00e8nes chroniques.<br \/>\nGr\u00e2ce \u00e0 la reprise de ses \u00e9tudes et l\u2019obtention d\u2019un Master 1 \u00e0 la Sorbonne Nouvelle, puis d\u2019un Master 2 \u00e0 Paris Diderot, elle devient psychosociologue, experte dans l\u2019accompagnement des personnes en situation de handicap.<br \/>\nCes trois ann\u00e9es d\u2019\u00e9tudes lui apporteront les outils pour tenter de comprendre comment le groupe France T\u00e9l\u00e9com, engag\u00e9 dans la suppression de 22 000 emplois, peut parall\u00e8lement mener \u00e0 bien une politique envers ses salari\u00e9s les plus faibles.<\/p>\n<p><!--more--><br \/>\nInterview par \u00ab\u00a0l&rsquo;Harmattan\u00a0\u00bb : <iframe loading=\"lazy\" width=\"180\" height=\"140\" src=\"http:\/\/www.youtube.com\/embed\/FWFQYZv36M8?wmode=transparent\" frameborder=\"0\" allowfullscreen> <\/iframe><br \/>\n<a title=\"Retranscription Harmattan\" href=\"http:\/\/sourdeencentresdappels.merlinerie.com\/?p=368\"><strong>Lire la retranscription<\/strong><\/a><br \/>\n<!--more--><br \/>\n<img loading=\"lazy\" decoding=\"async\" class=\"size-full wp-image-304 alignleft\" title=\"vivefm\" src=\"http:\/\/merlinerie.com\/wp-sourde\/wp-content\/uploads\/vivefm.jpg\" alt=\"\" width=\"189\" height=\"56\" \/><strong>Ecoutez Vivre FM De 5H30 \u00e0 17H30 sur le 93.9 Mhz (Paris, \u00cele-de-France) et 24H\/24 sur le Web.<\/strong><\/p>\n<p>L\u2019invit\u00e9 de la R\u00e9daction (Vincent Lochmann \u2013 Handicap, d\u00e9pendance, solidarit\u00e9 : l\u2019actualit\u00e9 et les enjeux)<\/p>\n<p>Claire Merlin, 47 ans, a travaill\u00e9 en centres d\u2019appels pour le Groupe France T\u00e9l\u00e9com, malgr\u00e9 un handicap auditif. Elle milite au sein de plusieurs associations \u0153uvrant pour les personnes handicap\u00e9es. Elle est \u00e9galement m\u00e8re de trois enfants et auteur d\u2019un ouvrage intitul\u00e9 \u00ab Sourde en centres d\u2019appels \u00bb paru chez l\u2019Harmattan.<\/p>\n[audio:vivrefm-0604211.mp3]\n<p><a title=\"Retranscription Vivre FM\" href=\"http:\/\/sourdeencentresdappels.merlinerie.com\/?p=373\"><strong>Lire la retranscription<\/strong><\/a><\/p>\n<p>Le lien : <a href=\"http:\/\/www.vivrefm.com\/podcast\/cat\/inv\/\" target=\"_blank\" rel=\"noopener\">www.vivrefm.com<\/a><\/p>\n<p>&nbsp;<\/p>\n<blockquote><p>N&rsquo;h\u00e9sitez pas \u00e0 laisser un commentaire, merci.<\/p><\/blockquote>\n","protected":false},"excerpt":{"rendered":"<p>Plaidoyer pour une Distanciation Int\u00e9grante envers les personnes en situation de handicap Cet ouvrage n\u2019est pas un r\u00e9quisitoire de plus contre France T\u00e9l\u00e9com, mais le r\u00e9cit d\u2019un combat de vie d\u2019une salari\u00e9e qui tente de retrouver sa place au sein&hellip;<\/p>\n<p class=\"more-link-p\"><a class=\"more-link\" href=\"https:\/\/sourdeencentresdappels.merlinerie.com\/\">Read more &rarr;<\/a><\/p>\n","protected":false},"author":1,"featured_media":0,"parent":0,"menu_order":0,"comment_status":"open","ping_status":"closed","template":"","meta":{"footnotes":""},"class_list":["post-3","page","type-page","status-publish","hentry"],"_links":{"self":[{"href":"https:\/\/sourdeencentresdappels.merlinerie.com\/index.php?rest_route=\/wp\/v2\/pages\/3","targetHints":{"allow":["GET"]}}],"collection":[{"href":"https:\/\/sourdeencentresdappels.merlinerie.com\/index.php?rest_route=\/wp\/v2\/pages"}],"about":[{"href":"https:\/\/sourdeencentresdappels.merlinerie.com\/index.php?rest_route=\/wp\/v2\/types\/page"}],"author":[{"embeddable":true,"href":"https:\/\/sourdeencentresdappels.merlinerie.com\/index.php?rest_route=\/wp\/v2\/users\/1"}],"replies":[{"embeddable":true,"href":"https:\/\/sourdeencentresdappels.merlinerie.com\/index.php?rest_route=%2Fwp%2Fv2%2Fcomments&post=3"}],"version-history":[{"count":54,"href":"https:\/\/sourdeencentresdappels.merlinerie.com\/index.php?rest_route=\/wp\/v2\/pages\/3\/revisions"}],"predecessor-version":[{"id":505,"href":"https:\/\/sourdeencentresdappels.merlinerie.com\/index.php?rest_route=\/wp\/v2\/pages\/3\/revisions\/505"}],"wp:attachment":[{"href":"https:\/\/sourdeencentresdappels.merlinerie.com\/index.php?rest_route=%2Fwp%2Fv2%2Fmedia&parent=3"}],"curies":[{"name":"wp","href":"https:\/\/api.w.org\/{rel}","templated":true}]}}